{"id":213179,"date":"2022-08-17T12:59:19","date_gmt":"2022-08-17T09:59:19","guid":{"rendered":"https:\/\/elityurdu.com\/?page_id=213179"},"modified":"2022-08-17T12:59:33","modified_gmt":"2022-08-17T09:59:33","slug":"s-s-s","status":"publish","type":"page","link":"https:\/\/elityurdu.com\/?page_id=213179","title":{"rendered":"S.S.S"},"content":{"rendered":"<p>[et_pb_section fb_built=&#8221;1&#8243; _builder_version=&#8221;4.16&#8243; global_colors_info=&#8221;{}&#8221; theme_builder_area=&#8221;post_content&#8221;][et_pb_row _builder_version=&#8221;4.16&#8243; global_colors_info=&#8221;{}&#8221; theme_builder_area=&#8221;post_content&#8221;][et_pb_column type=&#8221;4_4&#8243; _builder_version=&#8221;4.16&#8243; global_colors_info=&#8221;{}&#8221; theme_builder_area=&#8221;post_content&#8221;][et_pb_text _builder_version=&#8221;4.16&#8243; custom_margin=&#8221;||-4px|||&#8221; custom_padding=&#8221;||4px|||&#8221; global_colors_info=&#8221;{}&#8221; theme_builder_area=&#8221;post_content&#8221;]<\/p>\n<h1 style=\"text-align: center;\"><strong>S\u0131k\u00e7a Sorulan Sorular<\/strong><\/h1>\n<p>[\/et_pb_text][et_pb_divider color=&#8221;#e02b20&#8243; divider_weight=&#8221;3px&#8221; _builder_version=&#8221;4.16&#8243; max_width=&#8221;35%&#8221; module_alignment=&#8221;center&#8221; global_colors_info=&#8221;{}&#8221; theme_builder_area=&#8221;post_content&#8221;][\/et_pb_divider][\/et_pb_column][\/et_pb_row][et_pb_row _builder_version=&#8221;4.16&#8243; global_colors_info=&#8221;{}&#8221; theme_builder_area=&#8221;post_content&#8221;][et_pb_column type=&#8221;4_4&#8243; _builder_version=&#8221;4.16&#8243; global_colors_info=&#8221;{}&#8221; theme_builder_area=&#8221;post_content&#8221;][et_pb_toggle title=&#8221;Elit Yurdu ka\u00e7 ki\u015filik kapasiteden olu\u015fmaktad\u0131r?&#8221; _builder_version=&#8221;4.16&#8243; title_font=&#8221;|600|||||||&#8221; global_colors_info=&#8221;{}&#8221; theme_builder_area=&#8221;post_content&#8221;]<\/p>\n<p>Elit Yurdu 105 ki\u015fi kapasitelidir.<\/p>\n<p>[\/et_pb_toggle][et_pb_toggle title=&#8221;Elit Yurdunda ka\u00e7 ki\u015filik odalar bulunmaktad\u0131r?&#8221; _builder_version=&#8221;4.16&#8243; title_font=&#8221;|600|||||||&#8221; global_colors_info=&#8221;{}&#8221; theme_builder_area=&#8221;post_content&#8221;]<\/p>\n<p>1-2-3-4-5-7 Ki\u015filik ve suit odalar mevcuttur.<\/p>\n<p>[\/et_pb_toggle][et_pb_toggle title=&#8221;Yurdu ne zaman g\u00f6rebilirim?&#8221; _builder_version=&#8221;4.16&#8243; title_font=&#8221;|600|||||||&#8221; global_colors_info=&#8221;{}&#8221; theme_builder_area=&#8221;post_content&#8221;]<\/p>\n<p>Yurdumuz 7\/24 a\u00e7\u0131k olup il d\u0131\u015f\u0131ndan uzaktan olanlar i\u00e7inde sanal tur hizmeti sunmaktad\u0131r sitemizden sanal tur ile yurdumuzu gezebilirsiniz.<\/p>\n<p>[\/et_pb_toggle][et_pb_toggle title=&#8221;Yurt \u00fccretlerini nas\u0131l \u00f6\u011frenebilirim?&#8221; _builder_version=&#8221;4.16&#8243; title_font=&#8221;|600|||||||&#8221; global_colors_info=&#8221;{}&#8221; theme_builder_area=&#8221;post_content&#8221;]<\/p>\n<p>\u0130leti\u015fim sayfam\u0131zda bulunan t\u00fcm ileti\u015fim y\u00f6ntemlerini kullanarak detayl\u0131 bilgi alabilirsiniz.<\/p>\n<p>[\/et_pb_toggle][et_pb_toggle title=&#8221;Yurdun \u00fcniversitelere veya kamp\u00fcslere uzakl\u0131\u011f\u0131 nedir&#8221; _builder_version=&#8221;4.16&#8243; title_font=&#8221;|600|||||||&#8221; global_colors_info=&#8221;{}&#8221; theme_builder_area=&#8221;post_content&#8221;]<\/p>\n<p>Ula\u015f\u0131m olanaklar\u0131 sayfam\u0131zda ilimizde bulunan t\u00fcm \u00fcniversiteler ve kamp\u00fcslerine olan uzakl\u0131k ve en k\u0131sa ula\u015f\u0131m \u015fekline ula\u015fabilirsiniz.<\/p>\n<p>[\/et_pb_toggle][et_pb_toggle title=&#8221;Yurtta mescit var m\u0131?&#8221; _builder_version=&#8221;4.16&#8243; title_font=&#8221;|600|||||||&#8221; global_colors_info=&#8221;{}&#8221; theme_builder_area=&#8221;post_content&#8221;]<\/p>\n<p>Yurdumuzda mescit bulunmaktad\u0131r.<\/p>\n<p>[\/et_pb_toggle][et_pb_toggle title=&#8221;Yurtta \u00fct\u00fc yapabilece\u011fim yer var m\u0131?&#8221; _builder_version=&#8221;4.16&#8243; title_font=&#8221;|600|||||||&#8221; global_colors_info=&#8221;{}&#8221; theme_builder_area=&#8221;post_content&#8221;]<\/p>\n<p>Yurdumuzda \u00fct\u00fc odas\u0131 mevcuttur.<\/p>\n<p>[\/et_pb_toggle][et_pb_toggle title=&#8221;Yurtta sa\u011fl\u0131k problemleri i\u00e7in ba\u015fvuraca\u011f\u0131m bir yer var m\u0131?&#8221; _builder_version=&#8221;4.16&#8243; title_font=&#8221;|600|||||||&#8221; global_colors_info=&#8221;{}&#8221; theme_builder_area=&#8221;post_content&#8221;]<\/p>\n<p>Yurdumuzda revir bulunmaktad\u0131r.<\/p>\n<p>[\/et_pb_toggle][\/et_pb_column][\/et_pb_row][\/et_pb_section]<\/p>\n","protected":false},"excerpt":{"rendered":"<p>S\u0131k\u00e7a Sorulan SorularElit Yurdu 105 ki\u015fi kapasitelidir.1-2-3-4-5-7 Ki\u015filik ve suit odalar mevcuttur.Yurdumuz 7\/24 a\u00e7\u0131k olup il d\u0131\u015f\u0131ndan uzaktan olanlar i\u00e7inde sanal tur hizmeti sunmaktad\u0131r sitemizden sanal tur ile yurdumuzu gezebilirsiniz.\u0130leti\u015fim sayfam\u0131zda bulunan t\u00fcm ileti\u015fim y\u00f6ntemlerini kullanarak detayl\u0131 bilgi alabilirsiniz.Ula\u015f\u0131m olanaklar\u0131 sayfam\u0131zda ilimizde bulunan t\u00fcm \u00fcniversiteler ve kamp\u00fcslerine olan uzakl\u0131k ve en k\u0131sa ula\u015f\u0131m \u015fekline ula\u015fabilirsiniz.Yurdumuzda [&hellip;]<\/p>\n","protected":false},"author":1,"featured_media":0,"parent":0,"menu_order":0,"comment_status":"closed","ping_status":"closed","template":"","meta":{"_et_pb_use_builder":"on","_et_pb_old_content":"","_et_gb_content_width":"","footnotes":""},"class_list":["post-213179","page","type-page","status-publish","hentry"],"_links":{"self":[{"href":"https:\/\/elityurdu.com\/index.php?rest_route=\/wp\/v2\/pages\/213179","targetHints":{"allow":["GET"]}}],"collection":[{"href":"https:\/\/elityurdu.com\/index.php?rest_route=\/wp\/v2\/pages"}],"about":[{"href":"https:\/\/elityurdu.com\/index.php?rest_route=\/wp\/v2\/types\/page"}],"author":[{"embeddable":true,"href":"https:\/\/elityurdu.com\/index.php?rest_route=\/wp\/v2\/users\/1"}],"replies":[{"embeddable":true,"href":"https:\/\/elityurdu.com\/index.php?rest_route=%2Fwp%2Fv2%2Fcomments&post=213179"}],"version-history":[{"count":2,"href":"https:\/\/elityurdu.com\/index.php?rest_route=\/wp\/v2\/pages\/213179\/revisions"}],"predecessor-version":[{"id":213181,"href":"https:\/\/elityurdu.com\/index.php?rest_route=\/wp\/v2\/pages\/213179\/revisions\/213181"}],"wp:attachment":[{"href":"https:\/\/elityurdu.com\/index.php?rest_route=%2Fwp%2Fv2%2Fmedia&parent=213179"}],"curies":[{"name":"wp","href":"https:\/\/api.w.org\/{rel}","templated":true}]}}