{"id":213156,"date":"2022-08-17T12:55:06","date_gmt":"2022-08-17T09:55:06","guid":{"rendered":"https:\/\/elityurdu.com\/?page_id=213156"},"modified":"2022-08-17T12:55:26","modified_gmt":"2022-08-17T09:55:26","slug":"ulasim-olanaklari","status":"publish","type":"page","link":"https:\/\/elityurdu.com\/?page_id=213156","title":{"rendered":"Ula\u015f\u0131m Olanaklar\u0131"},"content":{"rendered":"<p>[et_pb_section fb_built=&#8221;1&#8243; _builder_version=&#8221;4.16&#8243; global_colors_info=&#8221;{}&#8221; theme_builder_area=&#8221;post_content&#8221;][et_pb_row _builder_version=&#8221;4.16&#8243; custom_padding=&#8221;||0px||false|false&#8221; global_colors_info=&#8221;{}&#8221; theme_builder_area=&#8221;post_content&#8221;][et_pb_column type=&#8221;4_4&#8243; _builder_version=&#8221;4.16&#8243; global_colors_info=&#8221;{}&#8221; theme_builder_area=&#8221;post_content&#8221;][et_pb_text _builder_version=&#8221;4.16&#8243; custom_margin=&#8221;||-27px|||&#8221; global_colors_info=&#8221;{}&#8221; theme_builder_area=&#8221;post_content&#8221;]<\/p>\n<h1 style=\"text-align: center;\"><strong>Ula\u015f\u0131m Olanaklar\u0131<\/strong><\/h1>\n<p>[\/et_pb_text][\/et_pb_column][\/et_pb_row][et_pb_row _builder_version=&#8221;4.16&#8243; global_colors_info=&#8221;{}&#8221; theme_builder_area=&#8221;post_content&#8221;][et_pb_column type=&#8221;4_4&#8243; _builder_version=&#8221;4.16&#8243; global_colors_info=&#8221;{}&#8221; theme_builder_area=&#8221;post_content&#8221;][et_pb_divider color=&#8221;#e02b20&#8243; divider_weight=&#8221;3px&#8221; _builder_version=&#8221;4.16&#8243; width=&#8221;44%&#8221; module_alignment=&#8221;center&#8221; custom_padding=&#8221;0px||0px||false|false&#8221; global_colors_info=&#8221;{}&#8221; theme_builder_area=&#8221;post_content&#8221;][\/et_pb_divider][\/et_pb_column][\/et_pb_row][et_pb_row _builder_version=&#8221;4.16&#8243; global_colors_info=&#8221;{}&#8221; theme_builder_area=&#8221;post_content&#8221;][et_pb_column type=&#8221;4_4&#8243; _builder_version=&#8221;4.16&#8243; global_colors_info=&#8221;{}&#8221; theme_builder_area=&#8221;post_content&#8221;][et_pb_accordion open_toggle_text_color=&#8221;#000000&#8243; _builder_version=&#8221;4.16&#8243; toggle_level=&#8221;h3&#8243; toggle_font=&#8221;|800|||||||&#8221; toggle_text_align=&#8221;center&#8221; global_colors_info=&#8221;{}&#8221; theme_builder_area=&#8221;post_content&#8221;][et_pb_accordion_item title=&#8221;Konya G\u0131da ve Tar\u0131m \u00dcniversitesi&#8221; open=&#8221;on&#8221; _builder_version=&#8221;4.16&#8243; global_colors_info=&#8221;{}&#8221; theme_builder_area=&#8221;post_content&#8221;]<\/p>\n<h4><strong>T\u00fcm Fak\u00fclteler<\/strong><\/h4>\n<p class=\"has-normal-font-size\">Yurdumuz G\u0131da ve Tar\u0131m \u00dcniversitesi\u2019ne en yak\u0131n Konya erkek \u00f6\u011frenci yurtlar\u0131 aras\u0131nda ilk s\u0131ralarda yer almaktad\u0131r. Yurttan \u00e7\u0131kman\u0131z\u0131n ard\u0131ndan dilerseniz y\u00fcr\u00fcyerek 15 dakikada, dilerseniz dolmu\u015f kullanarak 5 dakikada \u00fcniversite fak\u00fcltelerine ula\u015f\u0131m sa\u011flayabilirsiniz. G\u0131da ve Tar\u0131m \u00dcniversitesinin Fak\u00fclteleri a\u015fa\u011f\u0131daki gibidir:<\/p>\n<p class=\"has-normal-font-size\">\n<ul>\n<li>M\u00fchendislik ve Mimarl\u0131k Fak\u00fcltesi<\/li>\n<li>Tar\u0131m ve Do\u011fa Bilimleri Fak\u00fcltesi<\/li>\n<li>Sosyal ve Be\u015feri Bilimler Fak\u00fcltesi<\/li>\n<\/ul>\n<p>[\/et_pb_accordion_item][et_pb_accordion_item title=&#8221;Necmettin Erbakan \u00dcniversitesi&#8221; _builder_version=&#8221;4.16&#8243; global_colors_info=&#8221;{}&#8221; theme_builder_area=&#8221;post_content&#8221; open=&#8221;off&#8221;]<\/p>\n<h4><strong>Ahmet Kele\u015fo\u011flu Yerle\u015fkesi<\/strong><\/h4>\n<p class=\"has-normal-font-size\">Belirtilen yerle\u015fkeye ula\u015f\u0131m sa\u011flamak i\u00e7in ilk olarak k\u00fclt\u00fcrpark dura\u011f\u0131na yakla\u015f\u0131k 10 dakikal\u0131k bir y\u00fcr\u00fcy\u00fc\u015f yapmal\u0131s\u0131n\u0131z. Ard\u0131ndan dolmu\u015f ya da 4 numaral\u0131 otob\u00fcs kullan\u0131larak \u00fcniversiteye ula\u015f\u0131m sa\u011flanabilir. Ahmet Kele\u015fo\u011flu yerle\u015fkesinde a\u015fa\u011f\u0131daki fak\u00fclteler bulunmaktad\u0131r:<\/p>\n<p class=\"has-normal-font-size\">\n<ul>\n<li>E\u011fitim Fak\u00fcltesi<\/li>\n<li>Yabanc\u0131 Diller Y\u00fcksekokulu<\/li>\n<li>\u0130lahiyat Fak\u00fcltesi<\/li>\n<li>Meram Meslek Y\u00fcksekokulu<\/li>\n<li>Fen Fak\u00fcltesi<\/li>\n<\/ul>\n<h4><strong>T\u0131p Fak\u00fcltesi Yerle\u015fkesi<\/strong><\/h4>\n<p class=\"has-normal-font-size\">Yerle\u015fkeye ula\u015f\u0131m sa\u011flaman\u0131z i\u00e7in adalhan adl\u0131 otob\u00fcs dura\u011f\u0131ndan 1 numaral\u0131 otob\u00fcsleri kullanabilirsiniz. Yine ayn\u0131 duraktan ge\u00e7en T\u0131p Fak\u00fcltesi adl\u0131 dolmu\u015flar da sizi belirtilen yerle\u015fkeye ula\u015ft\u0131racakt\u0131r. Dolmu\u015f ile otob\u00fcs\u00fcn var\u0131\u015f s\u00fcresi aras\u0131nda ortalama olarak 10 dakikal\u0131k bir fark bulunmaktad\u0131r. Yerle\u015fkede bulunan fak\u00fclteleri a\u015fa\u011f\u0131daki gibi s\u0131ralayabiliriz:<\/p>\n<p class=\"has-normal-font-size\">\n<ul>\n<li>T\u0131p Fak\u00fcltesi<\/li>\n<li>Sa\u011fl\u0131k Bilimleri Fak\u00fcltesi<\/li>\n<li>Hem\u015firelik Fak\u00fcltesi<\/li>\n<\/ul>\n<h4><strong>K\u00f6yce\u011fiz Yerle\u015fkesi<\/strong><\/h4>\n<p class=\"has-normal-font-size\">Necmettin Erbakan \u00dcniversitesinin fak\u00fcltelerini bir araya toplad\u0131\u011f\u0131 K\u00f6yce\u011fiz Kamp\u00fcs\u00fc\u2019ne ula\u015f\u0131m i\u00e7in ilk olarak adalhan dura\u011f\u0131na 5 dakikal\u0131k bir y\u00fcr\u00fcy\u00fc\u015f yapman\u0131z gerekecektir. Daha sonras\u0131nda dilerseniz dolmu\u015fla dilerseniz de 1 numaral\u0131 otob\u00fcslerle K\u00f6yce\u011fiz fak\u00fcltelerine ula\u015f\u0131m sa\u011flayabilirsiniz. A\u015fa\u011f\u0131daki fak\u00fclteler K\u00f6yce\u011fiz Yerle\u015fkesinde bulunmaktad\u0131r:<\/p>\n<p class=\"has-normal-font-size\">\n<ul>\n<li>Siyasal Bilgiler Fak\u00fcltesi<\/li>\n<li>Havac\u0131l\u0131k ve Uzay Bilimleri Fak\u00fcltesi<\/li>\n<li>Adalet Meslek Y\u00fcksekokulu<\/li>\n<li>M\u00fchendislik Mimarl\u0131k Fak\u00fcltesi<\/li>\n<li>Uygulamal\u0131 Bilimler Fak\u00fcltesi<\/li>\n<li>Hukuk Fak\u00fcltesi<\/li>\n<li>Turizm Fak\u00fcltesi<\/li>\n<li>Sosyal ve Be\u015feri Bilimler Fak\u00fcltesi<\/li>\n<\/ul>\n<h4><strong>G\u00fczel Sanatlar Fak\u00fcltesi<\/strong><\/h4>\n<p class=\"has-normal-font-size\">Necmettin Erbakan \u00dcniversitesi G\u00fczel Sanatlar ve Tasar\u0131m Fak\u00fcltesi \u015fehrin merkezinde bulunmaktad\u0131r. Yurdumuz&nbsp;ile fak\u00fclte aras\u0131nda sa\u011flayacak oldu\u011funuz ula\u015f\u0131mda y\u00fcr\u00fcy\u00fc\u015f yeterli olacakt\u0131r. Yakla\u015f\u0131k olarak 15 dakika gibi bir s\u00fcrede y\u00fcr\u00fcyerek fak\u00fclteye varabilirsiniz.<\/p>\n<h4><strong>Di\u015f Hekimli\u011fi Fak\u00fcltesi<\/strong><\/h4>\n<p class=\"has-normal-font-size\">Belirtilen fak\u00fclteye gitmeniz i\u00e7in ilk olarak belediye tramvay dura\u011f\u0131na y\u00fcr\u00fcmelisiniz. Yakla\u015f\u0131k olarak 10 dakikal\u0131k bir y\u00fcr\u00fcy\u00fc\u015f sonras\u0131nda tramvay dura\u011f\u0131ndan Sel\u00e7uk \u00dcniversitesi y\u00f6n\u00fcne hareket eden tramvaylara binebilirsiniz. Kule dura\u011f\u0131nda tramvaydan inmenizin ard\u0131ndan yakla\u015f\u0131k 7-8 dakika daha y\u00fcr\u00fcy\u00fcp fak\u00fclteye ula\u015fabilirsiniz. Toplam yolculu\u011funuz 20-25 dakika kadar s\u00fcrecektir.<\/p>\n<p>[\/et_pb_accordion_item][et_pb_accordion_item title=&#8221;Konya Teknik \u00dcniversitesi&#8221; _builder_version=&#8221;4.16&#8243; global_colors_info=&#8221;{}&#8221; theme_builder_area=&#8221;post_content&#8221; open=&#8221;off&#8221;]<\/p>\n<h4><strong>Bosna Yerle\u015fkesi<\/strong><\/h4>\n<p class=\"has-normal-font-size\">Konya Teknik \u00dcniversitesinin fak\u00fclteleri Sel\u00e7uk \u00dcniversitesi fak\u00fclteleri ile ayn\u0131 konumda bulunmaktad\u0131r. Dolay\u0131s\u0131yla, hemen yukar\u0131da Sel\u00e7uk \u00dcniversitesi fak\u00fclteleri i\u00e7in a\u00e7\u0131klad\u0131\u011f\u0131m\u0131z tramvay ula\u015f\u0131m\u0131 bu k\u0131s\u0131mda da ge\u00e7erli olacakt\u0131r. KTUN Bosna yerle\u015fkesinde konumlanan fak\u00fclteleri a\u015fa\u011f\u0131daki gibi s\u0131ralayabiliriz:<\/p>\n<p class=\"has-normal-font-size\">\n<ul>\n<li>M\u00fchendislik ve Do\u011fa Bilimleri Fak\u00fcltesi<\/li>\n<li>Teknik Bilimler Meslek Y\u00fcksekokulu<\/li>\n<li>Lisans\u00fcst\u00fc E\u011fitim Enstit\u00fcs\u00fc<\/li>\n<li>Mimarl\u0131k ve Tasar\u0131m Fak\u00fcltesi<\/li>\n<\/ul>\n<p>[\/et_pb_accordion_item][et_pb_accordion_item title=&#8221;KTO Karatay \u00dcniversitesi&#8221; _builder_version=&#8221;4.16&#8243; global_colors_info=&#8221;{}&#8221; theme_builder_area=&#8221;post_content&#8221; open=&#8221;off&#8221;]<\/p>\n<h4><strong>T\u00fcm Fak\u00fclteler<\/strong><\/h4>\n<p class=\"has-normal-font-size\">Yurdumuz konumu itibariyle<span>\u00a0KTO Karatay \u00dcniversitesin<\/span>e uzak kalmaktad\u0131r. Ula\u015f\u0131m\u0131n sa\u011flanabilmesi i\u00e7in ilk olarak yurttan belediye tramvay dura\u011f\u0131na 5-10 dakikal\u0131k bir y\u00fcr\u00fcy\u00fc\u015f\u00fcn yap\u0131lmas\u0131 gerekecektir. Belediye dura\u011f\u0131ndan tramvaya binilerek Zafer dura\u011f\u0131nda adliye tramvay\u0131na aktarma yap\u0131lmal\u0131d\u0131r.<\/p>\n<p>Ayr\u0131ca yine belediye tramvay dura\u011f\u0131n\u0131n bulundu\u011fu konumdan dolmu\u015fla da ula\u015f\u0131m sa\u011flanabilmektedir. \u00dczerinde T\u0131p Fak\u00fcltesi ismini ta\u015f\u0131yan dolmu\u015flar sizi direk olarak KTO Karatay \u00dcniversitesine ula\u015ft\u0131racakt\u0131r. A\u015fa\u011f\u0131dan KTO Karatay \u00dcniversitesinde yer alan fak\u00fclteleri inceleyebilirsiniz:<\/p>\n<p class=\"has-normal-font-size\">\n<ul>\n<li>\u0130ktisadi ve \u0130dari Bilimler Fak\u00fcltesi<\/li>\n<li>G\u00fczel Sanatlar ve Tasar\u0131m Fak\u00fcltesi<\/li>\n<li>Sosyal ve Be\u015feri Bilimler Fak\u00fcltesi<\/li>\n<li>Hukuk Fak\u00fcltesi<\/li>\n<li>M\u00fchendislik Fak\u00fcltesi<\/li>\n<li>T\u0131p Fak\u00fcltesi<\/li>\n<li>Uygulamal\u0131 Bilimler Y\u00fcksekokulu<\/li>\n<li>Sa\u011fl\u0131k Bilimleri Y\u00fcksekokulu<\/li>\n<li>Adalet Meslek Y\u00fcksekokulu<\/li>\n<li>Yabanc\u0131 Diller Y\u00fcksekokulu<\/li>\n<li>Ticaret ve Sanayi Meslek Y\u00fcksekokulu<\/li>\n<li>Sa\u011fl\u0131k Hizmetleri Meslek Y\u00fcksekokulu<\/li>\n<\/ul>\n<p>[\/et_pb_accordion_item][et_pb_accordion_item title=&#8221;Sel\u00e7uk \u00dcniversitesi&#8221; _builder_version=&#8221;4.16&#8243; global_colors_info=&#8221;{}&#8221; theme_builder_area=&#8221;post_content&#8221; open=&#8221;off&#8221;]<\/p>\n<h4><strong>T\u00fcm Fak\u00fclteler<\/strong><\/h4>\n<p class=\"has-normal-font-size\">Konya\u2019n\u0131n merkezinde yer alan<span>&nbsp;<\/span>yurdumuz, Sel\u00e7uk \u00dcniversitesi<span>&nbsp;<\/span>fak\u00fcltelerine uzak bir konumda yer almaktad\u0131r. Yurttan \u00e7\u0131kman\u0131z\u0131n ard\u0131ndan 5-10 dakika aras\u0131 bir y\u00fcr\u00fcy\u00fc\u015f sonras\u0131nda \u201cbelediye tramvay dura\u011f\u0131\u201dna varabilirsiniz.<\/p>\n<p class=\"has-normal-font-size\">Belirtilen duraktan tramvay yard\u0131m\u0131yla yakla\u015f\u0131k olarak 1 saatlik s\u00fcre i\u00e7erisinde de Sel\u00e7uk \u00dcniversitesi fak\u00fcltelerine ula\u015f\u0131m\u0131n\u0131z\u0131 ger\u00e7ekle\u015ftirebilirsiniz. Sel\u00e7uk \u00dcniversitesinin t\u00fcm fak\u00fcltelerini a\u015fa\u011f\u0131daki gibi s\u0131ralayabiliriz:<\/p>\n<ul>\n<li>G\u00fczel Sanatlar Fak\u00fcltesi<\/li>\n<li>Veteriner Fak\u00fcltesi<\/li>\n<li>Sa\u011fl\u0131k Hizmetleri Meslek Y\u00fcksekokulu<\/li>\n<li>Di\u015f Hekimli\u011fi Fak\u00fcltesi<\/li>\n<li>Spor Bilimleri Fak\u00fcltesi<\/li>\n<li>E\u011fitim Fak\u00fcltesi<\/li>\n<li>Hem\u015firelik Fak\u00fcltesi<\/li>\n<li>Adalet Meslek Y\u00fcksekokulu<\/li>\n<li>T\u0131p Fak\u00fcltesi<\/li>\n<li>Eczac\u0131l\u0131k Fak\u00fcltesi<\/li>\n<li>Tasar\u0131m Meslek Y\u00fcksekokulu<\/li>\n<li>Fen Fak\u00fcltesi<\/li>\n<li>Sosyal Bilimler Meslek Y\u00fcksekokulu<\/li>\n<li>\u0130leti\u015fim Fak\u00fcltesi<\/li>\n<li>Edebiyat Fak\u00fcltesi<\/li>\n<li>\u0130ktisadi ve \u0130dari Bilimler Fak\u00fcltesi<\/li>\n<li>\u0130slami \u0130limler Fak\u00fcltesi<\/li>\n<li>Teknoloji Fak\u00fcltesi<\/li>\n<li>Ziraat Fak\u00fcltesi<\/li>\n<li>Turizm Fak\u00fcltesi<\/li>\n<li>Sa\u011fl\u0131k Bilimleri Fak\u00fcltesi<\/li>\n<li>Sanat ve Tasar\u0131m Fak\u00fcltesi<\/li>\n<li>Hukuk Fak\u00fcltesi<\/li>\n<li>Sivil Havac\u0131l\u0131k Y\u00fcksekokulu<\/li>\n<li>Yabanc\u0131 Diller Y\u00fcksekokulu<\/li>\n<\/ul>\n<p>[\/et_pb_accordion_item][et_pb_accordion_item title=&#8221;\u00c7evre&#8221; _builder_version=&#8221;4.16&#8243; global_colors_info=&#8221;{}&#8221; theme_builder_area=&#8221;post_content&#8221; open=&#8221;off&#8221;]<\/p>\n<p class=\"has-normal-font-size\">Yurdumuz \u00e7evre a\u00e7\u0131s\u0131ndan \u00f6n plana \u00e7\u0131kan bir yurttur. Yurt i\u00e7erisinde yer alan salonda spor yapmak yerine a\u00e7\u0131k havada ko\u015fmak, futbol ya da basketbol oynamak isteyen \u00f6\u011frenciler 5 dakikal\u0131k bir y\u00fcr\u00fcy\u00fc\u015f beraberinde Me\u015fe Park\u0131na ula\u015fabilirler. Bununla birlikte yurttan hemen 500 metre uzakta t\u00fcm banka ATM\u2019leri bulunmaktad\u0131r.<\/p>\n<p class=\"has-normal-font-size\">\n<ul>\n<li>A101 \u2013 260 m \u2013 3 dakika<\/li>\n<li>Bim \u2013 450 m \u2013 6 dakika<\/li>\n<li>Gross Toptan Market \u2013 200 m \u2013 3 dakika<\/li>\n<li>Me\u015fe Park\u0131 (Basketbol Sahas\u0131\/Ko\u015fu Yolu) \u2013 450 m \u2013 5 dakika<\/li>\n<li>Makro Market \u2013 500 m \u2013 7 dakika<\/li>\n<li>Playstation Cafe \u2013 180 m \u2013 2 dakika<\/li>\n<li>T\u00fcm ATM\u2019ler \u2013 500 m \u2013 7 dakika<\/li>\n<li>Tren Gar\u0131 \u2013 1300 m \u2013 15 dakika<\/li>\n<li>Havaliman\u0131 \u2013 17 km \u2013 17 dakika (\u00d6zel Ara\u00e7la)<\/li>\n<li>Otogar \u2013 11 km \u2013 15 dakika (\u00d6zel Ara\u00e7la)<\/li>\n<\/ul>\n<p>[\/et_pb_accordion_item][\/et_pb_accordion][\/et_pb_column][\/et_pb_row][\/et_pb_section]<\/p>\n","protected":false},"excerpt":{"rendered":"<p>Ula\u015f\u0131m Olanaklar\u0131T\u00fcm Fak\u00fclteler Yurdumuz G\u0131da ve Tar\u0131m \u00dcniversitesi\u2019ne en yak\u0131n Konya erkek \u00f6\u011frenci yurtlar\u0131 aras\u0131nda ilk s\u0131ralarda yer almaktad\u0131r. Yurttan \u00e7\u0131kman\u0131z\u0131n ard\u0131ndan dilerseniz y\u00fcr\u00fcyerek 15 dakikada, dilerseniz dolmu\u015f kullanarak 5 dakikada \u00fcniversite fak\u00fcltelerine ula\u015f\u0131m sa\u011flayabilirsiniz. G\u0131da ve Tar\u0131m \u00dcniversitesinin Fak\u00fclteleri a\u015fa\u011f\u0131daki gibidir: M\u00fchendislik ve Mimarl\u0131k Fak\u00fcltesi Tar\u0131m ve Do\u011fa Bilimleri Fak\u00fcltesi Sosyal ve Be\u015feri Bilimler [&hellip;]<\/p>\n","protected":false},"author":1,"featured_media":0,"parent":0,"menu_order":0,"comment_status":"closed","ping_status":"closed","template":"","meta":{"_et_pb_use_builder":"on","_et_pb_old_content":"","_et_gb_content_width":"","footnotes":""},"class_list":["post-213156","page","type-page","status-publish","hentry"],"_links":{"self":[{"href":"https:\/\/elityurdu.com\/index.php?rest_route=\/wp\/v2\/pages\/213156","targetHints":{"allow":["GET"]}}],"collection":[{"href":"https:\/\/elityurdu.com\/index.php?rest_route=\/wp\/v2\/pages"}],"about":[{"href":"https:\/\/elityurdu.com\/index.php?rest_route=\/wp\/v2\/types\/page"}],"author":[{"embeddable":true,"href":"https:\/\/elityurdu.com\/index.php?rest_route=\/wp\/v2\/users\/1"}],"replies":[{"embeddable":true,"href":"https:\/\/elityurdu.com\/index.php?rest_route=%2Fwp%2Fv2%2Fcomments&post=213156"}],"version-history":[{"count":2,"href":"https:\/\/elityurdu.com\/index.php?rest_route=\/wp\/v2\/pages\/213156\/revisions"}],"predecessor-version":[{"id":213158,"href":"https:\/\/elityurdu.com\/index.php?rest_route=\/wp\/v2\/pages\/213156\/revisions\/213158"}],"wp:attachment":[{"href":"https:\/\/elityurdu.com\/index.php?rest_route=%2Fwp%2Fv2%2Fmedia&parent=213156"}],"curies":[{"name":"wp","href":"https:\/\/api.w.org\/{rel}","templated":true}]}}