{"id":213029,"date":"2022-08-17T10:03:09","date_gmt":"2022-08-17T07:03:09","guid":{"rendered":"https:\/\/elityurdu.com\/?page_id=213029"},"modified":"2022-08-17T13:01:54","modified_gmt":"2022-08-17T10:01:54","slug":"anasayfa","status":"publish","type":"page","link":"https:\/\/elityurdu.com\/","title":{"rendered":"Anasayfa"},"content":{"rendered":"<p>[et_pb_section fb_built=&#8221;1&#8243; _builder_version=&#8221;4.16&#8243; custom_padding=&#8221;17px||0px||false|false&#8221; border_width_bottom=&#8221;2px&#8221; border_color_bottom=&#8221;#efefef&#8221; global_colors_info=&#8221;{}&#8221;][et_pb_row _builder_version=&#8221;4.16&#8243; width=&#8221;100%&#8221; max_width=&#8221;1920px&#8221; custom_margin=&#8221;-21px|auto||auto||&#8221; custom_padding=&#8221;0px||0px||false|false&#8221; global_colors_info=&#8221;{}&#8221;][et_pb_column type=&#8221;4_4&#8243; _builder_version=&#8221;4.16&#8243; global_colors_info=&#8221;{}&#8221;][et_pb_gallery gallery_ids=&#8221;24,25,26&#8243; fullwidth=&#8221;on&#8221; _builder_version=&#8221;4.16&#8243; custom_margin=&#8221;-18px||||false|false&#8221; custom_padding=&#8221;2px|||||&#8221; animation_style=&#8221;fade&#8221; hover_transition_duration=&#8221;200ms&#8221; global_colors_info=&#8221;{}&#8221;][\/et_pb_gallery][\/et_pb_column][\/et_pb_row][\/et_pb_section][et_pb_section fb_built=&#8221;1&#8243; _builder_version=&#8221;4.16&#8243; custom_padding=&#8221;0px|||||&#8221; border_width_bottom=&#8221;2px&#8221; border_color_bottom=&#8221;#efefef&#8221; global_colors_info=&#8221;{}&#8221;][et_pb_row _builder_version=&#8221;4.16&#8243; max_width=&#8221;1400px&#8221; custom_padding=&#8221;||0px|||&#8221; global_colors_info=&#8221;{}&#8221;][et_pb_column type=&#8221;4_4&#8243; _builder_version=&#8221;4.16&#8243; global_colors_info=&#8221;{}&#8221;][et_pb_text _builder_version=&#8221;4.16&#8243; global_colors_info=&#8221;{}&#8221;]<\/p>\n<h1 style=\"text-align: center;\"><strong>AYRICALIKLARIMIZ<\/strong><\/h1>\n<p>[\/et_pb_text][\/et_pb_column][\/et_pb_row][et_pb_row _builder_version=&#8221;4.16&#8243; max_width=&#8221;1400px&#8221; custom_padding=&#8221;7px||0px|||&#8221; global_colors_info=&#8221;{}&#8221;][et_pb_column type=&#8221;4_4&#8243; _builder_version=&#8221;4.16&#8243; global_colors_info=&#8221;{}&#8221;][et_pb_divider color=&#8221;#e01f45&#8243; divider_weight=&#8221;3px&#8221; _builder_version=&#8221;4.16&#8243; width=&#8221;39%&#8221; module_alignment=&#8221;center&#8221; global_colors_info=&#8221;{}&#8221;][\/et_pb_divider][\/et_pb_column][\/et_pb_row][et_pb_row column_structure=&#8221;1_6,1_6,1_6,1_6,1_6,1_6&#8243; _builder_version=&#8221;4.16&#8243; max_width=&#8221;1400px&#8221; global_colors_info=&#8221;{}&#8221;][et_pb_column type=&#8221;1_6&#8243; _builder_version=&#8221;4.16&#8243; global_colors_info=&#8221;{}&#8221;][et_pb_text _builder_version=&#8221;4.16&#8243; global_colors_info=&#8221;{}&#8221;]<\/p>\n<p style=\"text-align: center;\"><img loading=\"lazy\" decoding=\"async\" src=\"https:\/\/elityurdu.com\/wp-content\/uploads\/2022\/08\/verified.png\" width=\"32\" height=\"32\" alt=\"\" class=\"wp-image-30431 alignnone size-full\" \/><\/p>\n<p style=\"text-align: center;\"><strong>Son Teknoloji G\u00fcvenlik Sistemleri<\/strong><\/p>\n<p>[\/et_pb_text][\/et_pb_column][et_pb_column type=&#8221;1_6&#8243; _builder_version=&#8221;4.16&#8243; global_colors_info=&#8221;{}&#8221;][et_pb_text _builder_version=&#8221;4.16&#8243; global_colors_info=&#8221;{}&#8221;]<\/p>\n<p style=\"text-align: center;\"><img loading=\"lazy\" decoding=\"async\" src=\"https:\/\/elityurdu.com\/wp-content\/uploads\/2022\/08\/wifi.png\" width=\"32\" height=\"32\" alt=\"\" class=\"wp-image-30432 alignnone size-full\" \/><\/p>\n<p style=\"text-align: center;\"><strong>S\u0131n\u0131rs\u0131z Y\u00fcksek H\u0131zl\u0131 \u0130nternet\u00a0<\/strong><\/p>\n<p>[\/et_pb_text][\/et_pb_column][et_pb_column type=&#8221;1_6&#8243; _builder_version=&#8221;4.16&#8243; global_colors_info=&#8221;{}&#8221;][et_pb_text _builder_version=&#8221;4.16&#8243; global_colors_info=&#8221;{}&#8221;]<\/p>\n<p style=\"text-align: center;\"><img loading=\"lazy\" decoding=\"async\" src=\"https:\/\/elityurdu.com\/wp-content\/uploads\/2022\/08\/gym.png\" width=\"32\" height=\"32\" alt=\"\" class=\"wp-image-30433 alignnone size-full\" \/><\/p>\n<p style=\"text-align: center;\"><strong>\u00dccretsiz Spor Salonu<\/strong><\/p>\n<p>[\/et_pb_text][\/et_pb_column][et_pb_column type=&#8221;1_6&#8243; _builder_version=&#8221;4.16&#8243; global_colors_info=&#8221;{}&#8221;][et_pb_text _builder_version=&#8221;4.16&#8243; global_colors_info=&#8221;{}&#8221;]<\/p>\n<p style=\"text-align: center;\"><img loading=\"lazy\" decoding=\"async\" src=\"https:\/\/elityurdu.com\/wp-content\/uploads\/2022\/08\/console.png\" width=\"32\" height=\"32\" alt=\"\" class=\"wp-image-30434 alignnone size-full\" \/><\/p>\n<p style=\"text-align: center;\"><strong>Bilardo, Masa Tenisi<\/strong><\/p>\n<p style=\"text-align: center;\"><strong><\/strong><\/p>\n<p>[\/et_pb_text][\/et_pb_column][et_pb_column type=&#8221;1_6&#8243; _builder_version=&#8221;4.16&#8243; global_colors_info=&#8221;{}&#8221;][et_pb_text _builder_version=&#8221;4.16&#8243; global_colors_info=&#8221;{}&#8221;]<\/p>\n<p style=\"text-align: center;\">\u00a0<img loading=\"lazy\" decoding=\"async\" src=\"https:\/\/elityurdu.com\/wp-content\/uploads\/2022\/08\/coffee-cup.png\" width=\"32\" height=\"32\" alt=\"\" class=\"wp-image-30435 alignnone size-medium\" \/><\/p>\n<p style=\"text-align: center;\"><strong>Et\u00fct ve Dinlenme Odas\u0131<\/strong><\/p>\n<p>[\/et_pb_text][\/et_pb_column][et_pb_column type=&#8221;1_6&#8243; _builder_version=&#8221;4.16&#8243; global_colors_info=&#8221;{}&#8221;][et_pb_text _builder_version=&#8221;4.16&#8243; global_colors_info=&#8221;{}&#8221;]<\/p>\n<p style=\"text-align: center;\"><img loading=\"lazy\" decoding=\"async\" src=\"https:\/\/elityurdu.com\/wp-content\/uploads\/2022\/08\/bus.png\" width=\"32\" height=\"32\" alt=\"\" class=\"wp-image-30436 alignnone size-full\" \/><\/p>\n<p style=\"text-align: center;\"><b>\u00dccretsiz Okul Servisi<\/b><\/p>\n<p>[\/et_pb_text][\/et_pb_column][\/et_pb_row][\/et_pb_section][et_pb_section fb_built=&#8221;1&#8243; _builder_version=&#8221;4.16&#8243; custom_padding=&#8221;6px||6px|||&#8221; border_width_bottom=&#8221;2px&#8221; border_color_bottom=&#8221;#efefef&#8221; global_colors_info=&#8221;{}&#8221;][et_pb_row column_structure=&#8221;1_2,1_2&#8243; _builder_version=&#8221;4.16&#8243; width=&#8221;100%&#8221; max_width=&#8221;1850px&#8221; global_colors_info=&#8221;{}&#8221;][et_pb_column type=&#8221;1_2&#8243; _builder_version=&#8221;4.16&#8243; global_colors_info=&#8221;{}&#8221;][et_pb_image src=&#8221;https:\/\/elityurdu.com\/wp-content\/uploads\/2022\/08\/resim1.jpg&#8221; _builder_version=&#8221;4.16&#8243; global_colors_info=&#8221;{}&#8221;][\/et_pb_image][et_pb_text _builder_version=&#8221;4.16&#8243; text_text_color=&#8221;#ffffff&#8221; header_text_align=&#8221;center&#8221; header_text_color=&#8221;#ffffff&#8221; custom_margin=&#8221;-370px||||false|false&#8221; custom_margin_tablet=&#8221;-320px||||false|false&#8221; custom_margin_phone=&#8221;-201px||||false|false&#8221; custom_margin_last_edited=&#8221;on|tablet&#8221; text_font_size_phone=&#8221;1px&#8221; text_font_size_last_edited=&#8221;off|phone&#8221; header_font_size_tablet=&#8221;&#8221; header_font_size_phone=&#8221;17px&#8221; header_font_size_last_edited=&#8221;on|phone&#8221; global_colors_info=&#8221;{}&#8221;]<\/p>\n<h1 style=\"text-align: center;\"><strong>Yurdumuzu daha yak\u0131ndan incelemeniz <\/strong><strong>i\u00e7in<\/strong><\/h1>\n<h1 style=\"text-align: center;\"><strong> 360\u00b0 sanal tur hizmetimiz sizlerle.<\/strong><\/h1>\n<p>[\/et_pb_text][et_pb_button button_url=&#8221;@ET-DC@eyJkeW5hbWljIjp0cnVlLCJjb250ZW50IjoicG9zdF9saW5rX3VybF9wYWdlIiwic2V0dGluZ3MiOnsicG9zdF9pZCI6IjIxMzE3NiJ9fQ==@&#8221; button_text=&#8221;Sanal Tur&#8221; button_alignment=&#8221;center&#8221; _builder_version=&#8221;4.18.0&#8243; custom_button=&#8221;on&#8221; button_text_color=&#8221;#ffffff&#8221; button_bg_color=&#8221;rgba(0,0,0,0)&#8221; button_border_color=&#8221;#ffffff&#8221; button_icon=&#8221;&#x45;||divi||400&#8243; custom_margin=&#8221;-35px||||false|false&#8221; custom_margin_tablet=&#8221;-20px||||false|false&#8221; custom_margin_phone=&#8221;&#8221; custom_margin_last_edited=&#8221;on|tablet&#8221; custom_padding=&#8221;||||false|false&#8221; hover_enabled=&#8221;0&#8243; button_text_size_tablet=&#8221;&#8221; button_text_size_phone=&#8221;11px&#8221; button_text_size_last_edited=&#8221;on|phone&#8221; global_colors_info=&#8221;{}&#8221; _dynamic_attributes=&#8221;button_url&#8221; sticky_enabled=&#8221;0&#8243;][\/et_pb_button][\/et_pb_column][et_pb_column type=&#8221;1_2&#8243; _builder_version=&#8221;4.16&#8243; global_colors_info=&#8221;{}&#8221;][et_pb_video src=&#8221;https:\/\/www.youtube.com\/watch?v=qXo2ptsCYZk&#8221; image_src=&#8221;https:\/\/elityurdu.com\/wp-content\/uploads\/2022\/08\/fligran.png&#8221; play_icon_color=&#8221;#e02b20&#8243; use_icon_font_size=&#8221;on&#8221; icon_font_size=&#8221;86px&#8221; thumbnail_overlay_color=&#8221;rgba(0,0,0,0)&#8221; _builder_version=&#8221;4.16&#8243; custom_margin_tablet=&#8221;138px||||false|false&#8221; custom_margin_phone=&#8221;64px||||false|false&#8221; custom_margin_last_edited=&#8221;on|tablet&#8221; global_colors_info=&#8221;{}&#8221;][\/et_pb_video][\/et_pb_column][\/et_pb_row][\/et_pb_section][et_pb_section fb_built=&#8221;1&#8243; _builder_version=&#8221;4.16&#8243; custom_padding=&#8221;10px|||||&#8221; global_colors_info=&#8221;{}&#8221;][et_pb_row _builder_version=&#8221;4.16&#8243; width=&#8221;100%&#8221; max_width=&#8221;1850px&#8221; custom_padding=&#8221;14px|||||&#8221; global_colors_info=&#8221;{}&#8221;][et_pb_column type=&#8221;4_4&#8243; _builder_version=&#8221;4.16&#8243; global_colors_info=&#8221;{}&#8221;][et_pb_cta title=&#8221;Elit Erkek \u00d6\u011frenci Yurdu&#8221; button_url=&#8221;@ET-DC@eyJkeW5hbWljIjp0cnVlLCJjb250ZW50IjoicG9zdF9saW5rX3VybF9wYWdlIiwic2V0dGluZ3MiOnsicG9zdF9pZCI6IjIxMzE1MyJ9fQ==@&#8221; button_text=&#8221;Hizmetlerimiz&#8221; button_text_last_edited=&#8221;off|desktop&#8221; _builder_version=&#8221;4.18.0&#8243; header_level=&#8221;h1&#8243; header_font=&#8221;|700|||||||&#8221; header_font_size=&#8221;30px&#8221; body_text_color=&#8221;#ffffff&#8221; background_image=&#8221;https:\/\/elityurdu.com\/wp-content\/uploads\/2022\/08\/arkap.png&#8221; height=&#8221;425px&#8221; custom_padding=&#8221;132px||||false|false&#8221; link_option_url_new_window=&#8221;on&#8221; hover_enabled=&#8221;0&#8243; global_colors_info=&#8221;{}&#8221; _dynamic_attributes=&#8221;button_url&#8221; sticky_enabled=&#8221;0&#8243;]<\/p>\n<p>20 Y\u0131ll\u0131k tecr\u00fcbemiz ile merkezi bir konumda hizmet vererek 105 \u00f6\u011frenciye ev sahipli\u011fi yap\u0131yoruz. Yurdumuzun ve odalar\u0131m\u0131z\u0131n \u00f6zelliklerine detayl\u0131 bakmak i\u00e7in Hizmetlerimiz k\u0131sm\u0131na g\u00f6z atabilirsiniz.<\/p>\n<p>[\/et_pb_cta][\/et_pb_column][\/et_pb_row][\/et_pb_section]<\/p>\n","protected":false},"excerpt":{"rendered":"<p>AYRICALIKLARIMIZ Son Teknoloji G\u00fcvenlik Sistemleri S\u0131n\u0131rs\u0131z Y\u00fcksek H\u0131zl\u0131 \u0130nternet\u00a0 \u00dccretsiz Spor Salonu Bilardo, Masa Tenisi \u00a0 Et\u00fct ve Dinlenme Odas\u0131 \u00dccretsiz Okul ServisiYurdumuzu daha yak\u0131ndan incelemeniz i\u00e7in 360\u00b0 sanal tur hizmetimiz sizlerle.20 Y\u0131ll\u0131k tecr\u00fcbemiz ile merkezi bir konumda hizmet vererek 105 \u00f6\u011frenciye ev sahipli\u011fi yap\u0131yoruz. Yurdumuzun ve odalar\u0131m\u0131z\u0131n \u00f6zelliklerine detayl\u0131 bakmak i\u00e7in Hizmetlerimiz k\u0131sm\u0131na g\u00f6z [&hellip;]<\/p>\n","protected":false},"author":1,"featured_media":0,"parent":0,"menu_order":0,"comment_status":"closed","ping_status":"closed","template":"","meta":{"_et_pb_use_builder":"on","_et_pb_old_content":"","_et_gb_content_width":"","footnotes":""},"class_list":["post-213029","page","type-page","status-publish","hentry"],"_links":{"self":[{"href":"https:\/\/elityurdu.com\/index.php?rest_route=\/wp\/v2\/pages\/213029","targetHints":{"allow":["GET"]}}],"collection":[{"href":"https:\/\/elityurdu.com\/index.php?rest_route=\/wp\/v2\/pages"}],"about":[{"href":"https:\/\/elityurdu.com\/index.php?rest_route=\/wp\/v2\/types\/page"}],"author":[{"embeddable":true,"href":"https:\/\/elityurdu.com\/index.php?rest_route=\/wp\/v2\/users\/1"}],"replies":[{"embeddable":true,"href":"https:\/\/elityurdu.com\/index.php?rest_route=%2Fwp%2Fv2%2Fcomments&post=213029"}],"version-history":[{"count":3,"href":"https:\/\/elityurdu.com\/index.php?rest_route=\/wp\/v2\/pages\/213029\/revisions"}],"predecessor-version":[{"id":213185,"href":"https:\/\/elityurdu.com\/index.php?rest_route=\/wp\/v2\/pages\/213029\/revisions\/213185"}],"wp:attachment":[{"href":"https:\/\/elityurdu.com\/index.php?rest_route=%2Fwp%2Fv2%2Fmedia&parent=213029"}],"curies":[{"name":"wp","href":"https:\/\/api.w.org\/{rel}","templated":true}]}}